{"id":129,"date":"2021-05-28T22:24:46","date_gmt":"2021-05-28T21:24:46","guid":{"rendered":"https:\/\/leomosolyaert.hu\/?page_id=129"},"modified":"2024-12-07T21:58:23","modified_gmt":"2024-12-07T20:58:23","slug":"alapitvany","status":"publish","type":"page","link":"https:\/\/leomosolyaert.hu\/en\/alapitvany\/","title":{"rendered":"Foundation"},"content":{"rendered":"<div class=\"wp-block-columns is-layout-flex wp-container-core-columns-is-layout-9d6595d7 wp-block-columns-is-layout-flex\">\n<div class=\"wp-block-column is-layout-flow wp-block-column-is-layout-flow\" style=\"flex-basis:100%\">\n<div class=\"wp-block-columns is-layout-flex wp-container-core-columns-is-layout-9d6595d7 wp-block-columns-is-layout-flex\">\n<div class=\"wp-block-column is-layout-flow wp-block-column-is-layout-flow\" style=\"flex-basis:33.33%\">\n<figure class=\"wp-block-image size-large is-resized\"><img loading=\"lazy\" decoding=\"async\" width=\"576\" height=\"1024\" src=\"http:\/\/leomosolyaert.hu\/wp-content\/uploads\/2021\/05\/IMG-20200719-WA0002-576x1024.jpg\" alt=\"\" class=\"wp-image-212\" style=\"width:267px;height:474px\" srcset=\"https:\/\/leomosolyaert.hu\/wp-content\/uploads\/2021\/05\/IMG-20200719-WA0002-576x1024.jpg 576w, https:\/\/leomosolyaert.hu\/wp-content\/uploads\/2021\/05\/IMG-20200719-WA0002-169x300.jpg 169w, https:\/\/leomosolyaert.hu\/wp-content\/uploads\/2021\/05\/IMG-20200719-WA0002-768x1365.jpg 768w, https:\/\/leomosolyaert.hu\/wp-content\/uploads\/2021\/05\/IMG-20200719-WA0002-864x1536.jpg 864w, https:\/\/leomosolyaert.hu\/wp-content\/uploads\/2021\/05\/IMG-20200719-WA0002.jpg 900w\" sizes=\"auto, (max-width: 576px) 100vw, 576px\" \/><\/figure>\n<\/div>\n\n\n\n<div class=\"wp-block-column is-layout-flow wp-block-column-is-layout-flow\" style=\"flex-basis:66.66%\">\n<p class=\"has-normal-font-size\">Welcome to Le\u00f3's Smile Foundation! We pursue the following goals:<\/p>\n\n\n\n<ul class=\"wp-block-list has-normal-font-size\">\n<li>Help Leo's mental and physical development, decrease his isolation and vulnerability, facilitate his inclusion in society and improve his quality of life<\/li>\n\n\n\n<li>Raise awareness in the general public about severely disabled children, children with rare genetic conditions and other discriminated minorities.<\/li>\n\n\n\n<li>Promote and potentially fund research on KCNA2 and other types of epilepsy. Raise awareness about the existence severe disorders like KCNA2 epilepsy, and the importance of getting the right treatment for the condition. Build a network of parents affected by KCNA2 to facilitate support and contanct between them<\/li>\n<\/ul>\n<\/div>\n<\/div>\n<\/div>\n<\/div>\n\n\n<div id=\"foundation\" class=\"post hentry\" style=\"padding: 2rem 2rem;\">\n<h3>About the foundation<\/h3>\n<p>Name: <b>Le\u00f3's Smile Foundation<br \/><\/b>C\u00edm<b>: 8900 Zalaegerszeg, Hegyoldal utca 6.<\/b><br \/>Tax number: <b>19304876-1-20<\/b><br \/>Statistical number: <b>19304876-9499-569-20<\/b><br \/>Contact: <a href=\"mailto:leomosolyaert@gmail.com\">leomosolyaert@gmail.com<\/a><br \/>Dokumentumok: <a href=\"https:\/\/leomosolyaert.hu\/en\/beszamolok\/\">\u00c9ves besz\u00e1mol\u00f3k<\/a><\/p>\n<h4>A 2024-es \u00e9vt\u0151l az alap\u00edtv\u00e1ny ad\u00f3 1% felaj\u00e1nl\u00e1sokat tud fogadni. K\u00f6sz\u00f6nj\u00fck, ha minket v\u00e1lasztasz.<\/h4>\n<p style=\"padding-bottom: 1em;\">Ha egy\u00e9b m\u00f3don szeretn\u00e9d t\u00e1mogatni az alap\u00edtv\u00e1nyt, megteheted banki \u00e1tutal\u00e1ssal az al\u00e1bbi adatokkal:<\/p>\n<div class=\"billboard\" style=\"width: 50%; left: 25%;\">Name: Le\u00f3's Smile Foundation<br \/>IBAN: HU20117080012224810900000000<br \/>BIC: OTPVHUHB<\/div>\n<p style=\"padding-top: 2em;\">In the description field, please indicate \"donation\".<\/p>\n<p>We also accept debit\/credit card donations via PayPal:<\/p>\n<p style=\"padding-top: 1em;\"><!-- Begin PayPal Donations by https:\/\/www.tipsandtricks-hq.com\/paypal-donations-widgets-plugin -->\n\n<form action=\"https:\/\/www.paypal.com\/cgi-bin\/webscr\" method=\"post\" target=\"_blank\">\n    <div class=\"paypal-donations\">\n        <input type=\"hidden\" name=\"cmd\" value=\"_donations\" \/>\n        <input type=\"hidden\" name=\"bn\" value=\"TipsandTricks_SP\" \/>\n        <input type=\"hidden\" name=\"business\" value=\"leomosolyaert@gmail.com\" \/>\n        <input type=\"hidden\" name=\"item_name\" value=\"adom\u00e1ny\" \/>\n        <input type=\"hidden\" name=\"rm\" value=\"0\" \/>\n        <input type=\"hidden\" name=\"currency_code\" value=\"HUF\" \/>\n        <input type=\"image\" style=\"cursor: pointer;\" src=\"https:\/\/www.paypalobjects.com\/en_US\/i\/btn\/btn_donateCC_LG.gif\" name=\"submit\" alt=\"PayPal - The safer, easier way to pay online.\" \/>\n        <img loading=\"lazy\" decoding=\"async\" alt=\"\" src=\"https:\/\/www.paypalobjects.com\/en_US\/i\/scr\/pixel.gif\" width=\"1\" height=\"1\" \/>\n    <\/div>\n<\/form>\n<!-- End PayPal Donations -->\n<\/p>\n<\/div>\n\n\n<p><\/p>","protected":false},"excerpt":{"rendered":"<p>\u00dcdv\u00f6zl\u00fcnk a Le\u00f3 Mosoly\u00e1\u00e9rt Alap\u00edtv\u00e1ny honlapj\u00e1n! Az alap\u00edtv\u00e1ny a k\u00f6vetkez\u0151 c\u00e9lokat t\u0171zte ki mag\u00e1nak: Az alap\u00edtv\u00e1ny adatai N\u00e9v: Le\u00f3 Mosoly\u00e1\u00e9rt Alap\u00edtv\u00e1nyC\u00edm: 8900 Zalaegerszeg, Hegyoldal utca 6.Ad\u00f3sz\u00e1m: 19304876-1-20Statisztikai sz\u00e1mjel: 19304876-9499-569-20El\u00e9rhet\u0151s\u00e9g: leomosolyaert@gmail.comDokumentumok: \u00c9ves besz\u00e1mol\u00f3k A 2024-es \u00e9vt\u0151l az alap\u00edtv\u00e1ny ad\u00f3 1% felaj\u00e1nl\u00e1sokat tud fogadni. K\u00f6sz\u00f6nj\u00fck, ha minket v\u00e1lasztasz. Ha egy\u00e9b m\u00f3don szeretn\u00e9d t\u00e1mogatni az alap\u00edtv\u00e1nyt, megteheted banki [&hellip;]<\/p>\n","protected":false},"author":1,"featured_media":0,"parent":0,"menu_order":0,"comment_status":"closed","ping_status":"closed","template":"","meta":{"footnotes":""},"class_list":["post-129","page","type-page","status-publish","hentry"],"yoast_head":"<!-- This site is optimized with the Yoast SEO plugin v27.4 - https:\/\/yoast.com\/product\/yoast-seo-wordpress\/ -->\n<title>Alap\u00edtv\u00e1ny - Le\u00f3 Mosoly\u00e1\u00e9rt Alap\u00edtv\u00e1ny<\/title>\n<meta name=\"robots\" content=\"index, follow, max-snippet:-1, max-image-preview:large, max-video-preview:-1\" \/>\n<link rel=\"canonical\" href=\"https:\/\/leomosolyaert.hu\/en\/alapitvany\/\" \/>\n<meta property=\"og:locale\" content=\"en_US\" \/>\n<meta property=\"og:type\" content=\"article\" \/>\n<meta property=\"og:title\" content=\"Alap\u00edtv\u00e1ny - Le\u00f3 Mosoly\u00e1\u00e9rt Alap\u00edtv\u00e1ny\" \/>\n<meta property=\"og:description\" content=\"\u00dcdv\u00f6zl\u00fcnk a Le\u00f3 Mosoly\u00e1\u00e9rt Alap\u00edtv\u00e1ny honlapj\u00e1n! Az alap\u00edtv\u00e1ny a k\u00f6vetkez\u0151 c\u00e9lokat t\u0171zte ki mag\u00e1nak: Az alap\u00edtv\u00e1ny adatai N\u00e9v: Le\u00f3 Mosoly\u00e1\u00e9rt Alap\u00edtv\u00e1nyC\u00edm: 8900 Zalaegerszeg, Hegyoldal utca 6.Ad\u00f3sz\u00e1m: 19304876-1-20Statisztikai sz\u00e1mjel: 19304876-9499-569-20El\u00e9rhet\u0151s\u00e9g: leomosolyaert@gmail.comDokumentumok: \u00c9ves besz\u00e1mol\u00f3k A 2024-es \u00e9vt\u0151l az alap\u00edtv\u00e1ny ad\u00f3 1% felaj\u00e1nl\u00e1sokat tud fogadni. K\u00f6sz\u00f6nj\u00fck, ha minket v\u00e1lasztasz. Ha egy\u00e9b m\u00f3don szeretn\u00e9d t\u00e1mogatni az alap\u00edtv\u00e1nyt, megteheted banki [&hellip;]\" \/>\n<meta property=\"og:url\" content=\"https:\/\/leomosolyaert.hu\/en\/alapitvany\/\" \/>\n<meta property=\"og:site_name\" content=\"Le\u00f3 Mosoly\u00e1\u00e9rt Alap\u00edtv\u00e1ny\" \/>\n<meta property=\"article:modified_time\" content=\"2024-12-07T20:58:23+00:00\" \/>\n<meta property=\"og:image\" content=\"https:\/\/leomosolyaert.hu\/wp-content\/uploads\/2021\/05\/IMG-20200719-WA0002.jpg\" \/>\n\t<meta property=\"og:image:width\" content=\"900\" \/>\n\t<meta property=\"og:image:height\" content=\"1600\" \/>\n\t<meta property=\"og:image:type\" content=\"image\/jpeg\" \/>\n<meta name=\"twitter:card\" content=\"summary_large_image\" \/>\n<meta name=\"twitter:label1\" content=\"Est. reading time\" \/>\n\t<meta name=\"twitter:data1\" content=\"2 minutes\" \/>\n<script type=\"application\/ld+json\" class=\"yoast-schema-graph\">{\"@context\":\"https:\\\/\\\/schema.org\",\"@graph\":[{\"@type\":\"WebPage\",\"@id\":\"https:\\\/\\\/leomosolyaert.hu\\\/alapitvany\\\/\",\"url\":\"https:\\\/\\\/leomosolyaert.hu\\\/alapitvany\\\/\",\"name\":\"Alap\u00edtv\u00e1ny - Le\u00f3 Mosoly\u00e1\u00e9rt Alap\u00edtv\u00e1ny\",\"isPartOf\":{\"@id\":\"https:\\\/\\\/leomosolyaert.hu\\\/#website\"},\"primaryImageOfPage\":{\"@id\":\"https:\\\/\\\/leomosolyaert.hu\\\/alapitvany\\\/#primaryimage\"},\"image\":{\"@id\":\"https:\\\/\\\/leomosolyaert.hu\\\/alapitvany\\\/#primaryimage\"},\"thumbnailUrl\":\"http:\\\/\\\/leomosolyaert.hu\\\/wp-content\\\/uploads\\\/2021\\\/05\\\/IMG-20200719-WA0002-576x1024.jpg\",\"datePublished\":\"2021-05-28T21:24:46+00:00\",\"dateModified\":\"2024-12-07T20:58:23+00:00\",\"breadcrumb\":{\"@id\":\"https:\\\/\\\/leomosolyaert.hu\\\/alapitvany\\\/#breadcrumb\"},\"inLanguage\":\"en-US\",\"potentialAction\":[{\"@type\":\"ReadAction\",\"target\":[\"https:\\\/\\\/leomosolyaert.hu\\\/alapitvany\\\/\"]}]},{\"@type\":\"ImageObject\",\"inLanguage\":\"en-US\",\"@id\":\"https:\\\/\\\/leomosolyaert.hu\\\/alapitvany\\\/#primaryimage\",\"url\":\"http:\\\/\\\/leomosolyaert.hu\\\/wp-content\\\/uploads\\\/2021\\\/05\\\/IMG-20200719-WA0002-576x1024.jpg\",\"contentUrl\":\"http:\\\/\\\/leomosolyaert.hu\\\/wp-content\\\/uploads\\\/2021\\\/05\\\/IMG-20200719-WA0002-576x1024.jpg\"},{\"@type\":\"BreadcrumbList\",\"@id\":\"https:\\\/\\\/leomosolyaert.hu\\\/alapitvany\\\/#breadcrumb\",\"itemListElement\":[{\"@type\":\"ListItem\",\"position\":1,\"name\":\"Kezd\u0151lap\",\"item\":\"https:\\\/\\\/leomosolyaert.hu\\\/\"},{\"@type\":\"ListItem\",\"position\":2,\"name\":\"Alap\u00edtv\u00e1ny\"}]},{\"@type\":\"WebSite\",\"@id\":\"https:\\\/\\\/leomosolyaert.hu\\\/#website\",\"url\":\"https:\\\/\\\/leomosolyaert.hu\\\/\",\"name\":\"Le\u00f3 Mosoly\u00e1\u00e9rt Alap\u00edtv\u00e1ny\",\"description\":\"\",\"potentialAction\":[{\"@type\":\"SearchAction\",\"target\":{\"@type\":\"EntryPoint\",\"urlTemplate\":\"https:\\\/\\\/leomosolyaert.hu\\\/?s={search_term_string}\"},\"query-input\":{\"@type\":\"PropertyValueSpecification\",\"valueRequired\":true,\"valueName\":\"search_term_string\"}}],\"inLanguage\":\"en-US\"}]}<\/script>\n<!-- \/ Yoast SEO plugin. -->","yoast_head_json":{"title":"Alap\u00edtv\u00e1ny - Le\u00f3 Mosoly\u00e1\u00e9rt Alap\u00edtv\u00e1ny","robots":{"index":"index","follow":"follow","max-snippet":"max-snippet:-1","max-image-preview":"max-image-preview:large","max-video-preview":"max-video-preview:-1"},"canonical":"https:\/\/leomosolyaert.hu\/en\/alapitvany\/","og_locale":"en_US","og_type":"article","og_title":"Alap\u00edtv\u00e1ny - Le\u00f3 Mosoly\u00e1\u00e9rt Alap\u00edtv\u00e1ny","og_description":"\u00dcdv\u00f6zl\u00fcnk a Le\u00f3 Mosoly\u00e1\u00e9rt Alap\u00edtv\u00e1ny honlapj\u00e1n! Az alap\u00edtv\u00e1ny a k\u00f6vetkez\u0151 c\u00e9lokat t\u0171zte ki mag\u00e1nak: Az alap\u00edtv\u00e1ny adatai N\u00e9v: Le\u00f3 Mosoly\u00e1\u00e9rt Alap\u00edtv\u00e1nyC\u00edm: 8900 Zalaegerszeg, Hegyoldal utca 6.Ad\u00f3sz\u00e1m: 19304876-1-20Statisztikai sz\u00e1mjel: 19304876-9499-569-20El\u00e9rhet\u0151s\u00e9g: leomosolyaert@gmail.comDokumentumok: \u00c9ves besz\u00e1mol\u00f3k A 2024-es \u00e9vt\u0151l az alap\u00edtv\u00e1ny ad\u00f3 1% felaj\u00e1nl\u00e1sokat tud fogadni. K\u00f6sz\u00f6nj\u00fck, ha minket v\u00e1lasztasz. Ha egy\u00e9b m\u00f3don szeretn\u00e9d t\u00e1mogatni az alap\u00edtv\u00e1nyt, megteheted banki [&hellip;]","og_url":"https:\/\/leomosolyaert.hu\/en\/alapitvany\/","og_site_name":"Le\u00f3 Mosoly\u00e1\u00e9rt Alap\u00edtv\u00e1ny","article_modified_time":"2024-12-07T20:58:23+00:00","og_image":[{"width":900,"height":1600,"url":"https:\/\/leomosolyaert.hu\/wp-content\/uploads\/2021\/05\/IMG-20200719-WA0002.jpg","type":"image\/jpeg"}],"twitter_card":"summary_large_image","twitter_misc":{"Est. reading time":"2 minutes"},"schema":{"@context":"https:\/\/schema.org","@graph":[{"@type":"WebPage","@id":"https:\/\/leomosolyaert.hu\/alapitvany\/","url":"https:\/\/leomosolyaert.hu\/alapitvany\/","name":"Alap\u00edtv\u00e1ny - Le\u00f3 Mosoly\u00e1\u00e9rt Alap\u00edtv\u00e1ny","isPartOf":{"@id":"https:\/\/leomosolyaert.hu\/#website"},"primaryImageOfPage":{"@id":"https:\/\/leomosolyaert.hu\/alapitvany\/#primaryimage"},"image":{"@id":"https:\/\/leomosolyaert.hu\/alapitvany\/#primaryimage"},"thumbnailUrl":"http:\/\/leomosolyaert.hu\/wp-content\/uploads\/2021\/05\/IMG-20200719-WA0002-576x1024.jpg","datePublished":"2021-05-28T21:24:46+00:00","dateModified":"2024-12-07T20:58:23+00:00","breadcrumb":{"@id":"https:\/\/leomosolyaert.hu\/alapitvany\/#breadcrumb"},"inLanguage":"en-US","potentialAction":[{"@type":"ReadAction","target":["https:\/\/leomosolyaert.hu\/alapitvany\/"]}]},{"@type":"ImageObject","inLanguage":"en-US","@id":"https:\/\/leomosolyaert.hu\/alapitvany\/#primaryimage","url":"http:\/\/leomosolyaert.hu\/wp-content\/uploads\/2021\/05\/IMG-20200719-WA0002-576x1024.jpg","contentUrl":"http:\/\/leomosolyaert.hu\/wp-content\/uploads\/2021\/05\/IMG-20200719-WA0002-576x1024.jpg"},{"@type":"BreadcrumbList","@id":"https:\/\/leomosolyaert.hu\/alapitvany\/#breadcrumb","itemListElement":[{"@type":"ListItem","position":1,"name":"Kezd\u0151lap","item":"https:\/\/leomosolyaert.hu\/"},{"@type":"ListItem","position":2,"name":"Alap\u00edtv\u00e1ny"}]},{"@type":"WebSite","@id":"https:\/\/leomosolyaert.hu\/#website","url":"https:\/\/leomosolyaert.hu\/","name":"Le\u00f3's Smile Foundation","description":"","potentialAction":[{"@type":"SearchAction","target":{"@type":"EntryPoint","urlTemplate":"https:\/\/leomosolyaert.hu\/?s={search_term_string}"},"query-input":{"@type":"PropertyValueSpecification","valueRequired":true,"valueName":"search_term_string"}}],"inLanguage":"en-US"}]}},"_links":{"self":[{"href":"https:\/\/leomosolyaert.hu\/en\/wp-json\/wp\/v2\/pages\/129","targetHints":{"allow":["GET"]}}],"collection":[{"href":"https:\/\/leomosolyaert.hu\/en\/wp-json\/wp\/v2\/pages"}],"about":[{"href":"https:\/\/leomosolyaert.hu\/en\/wp-json\/wp\/v2\/types\/page"}],"author":[{"embeddable":true,"href":"https:\/\/leomosolyaert.hu\/en\/wp-json\/wp\/v2\/users\/1"}],"replies":[{"embeddable":true,"href":"https:\/\/leomosolyaert.hu\/en\/wp-json\/wp\/v2\/comments?post=129"}],"version-history":[{"count":19,"href":"https:\/\/leomosolyaert.hu\/en\/wp-json\/wp\/v2\/pages\/129\/revisions"}],"predecessor-version":[{"id":544,"href":"https:\/\/leomosolyaert.hu\/en\/wp-json\/wp\/v2\/pages\/129\/revisions\/544"}],"wp:attachment":[{"href":"https:\/\/leomosolyaert.hu\/en\/wp-json\/wp\/v2\/media?parent=129"}],"curies":[{"name":"wp","href":"https:\/\/api.w.org\/{rel}","templated":true}]}}