{"id":2,"date":"2021-03-15T13:04:08","date_gmt":"2021-03-15T13:04:08","guid":{"rendered":"http:\/\/leomosolyaert.hu\/?page_id=2"},"modified":"2021-12-12T15:01:22","modified_gmt":"2021-12-12T14:01:22","slug":"ez-egy-minta-oldal","status":"publish","type":"page","link":"https:\/\/leomosolyaert.hu\/en\/","title":{"rendered":"Introduction"},"content":{"rendered":"<p>Hi! <\/p>\n\n\n\n<p>If you found this page, you've probably already heard of me: my name is Le\u00f3, and I was born with an extremely rare genetic condition in 2019 in Budapest. My condition has no name: it's categorized as genetic epilepsy and is currently untreatable. As of today, there are only 6 documented cases of this particular condition in the medial literature worldwide.<br><br>This website has the following purposes:<\/p>\n\n\n\n<ul class=\"wp-block-list\"><li><span class=\"has-inline-color has-vivid-cyan-blue-color\"><\/span><span class=\"has-inline-color has-vivid-cyan-blue-color\"><\/span>To promote the <a href=\"https:\/\/leomosolyaert.hu\/en\/alapitvany\/\" data-type=\"page\" data-id=\"129\">foundation's<\/a> main goal: improving the quality of life of myself and children with similar disabilities.<\/li><li>K\u00f6zelebb hozzuk azt, ami &#8222;mindig csak m\u00e1ssal t\u00f6rt\u00e9nik&#8221;: Bemutatjuk a kih\u00edv\u00e1sokat \u00e9s lehet\u0151s\u00e9geket egy ritka, s\u00falyos betegs\u00e9ggel \u00e9l\u0151 gyermek \u00e9s csal\u00e1dja \u00e9let\u00e9ben.<\/li><\/ul>\n\n\n\n<p>You can find a short introduction to my <a href=\"https:\/\/leomosolyaert.hu\/en\/kcna2\/\" data-type=\"page\" data-id=\"26\">condition<\/a> , and how it defines my <a href=\"https:\/\/leomosolyaert.hu\/en\/tunetek-fejlesztesek\/\" data-type=\"page\" data-id=\"43\">present<\/a> and <a href=\"https:\/\/leomosolyaert.hu\/en\/kilatasok-prognozis\/\" data-type=\"page\" data-id=\"45\">future<\/a>. You can also read <a href=\"https:\/\/leomosolyaert.hu\/en\/tortenetunk\/\" data-type=\"page\" data-id=\"30\">my story<\/a>, and what is going on with me <a href=\"https:\/\/leomosolyaert.hu\/en\/hirek\/\" data-type=\"page\" data-id=\"124\">recently<\/a>. <\/p>","protected":false},"excerpt":{"rendered":"<p>Szia! Ha megtal\u00e1ltad ezt az oldalt, akkor val\u00f3sz\u00edn\u0171leg m\u00e1r nem vagyok teljesen ismeretlen sz\u00e1modra: a nevem Le\u00f3, \u00e9s egy rendk\u00edv\u00fcl ritka genetikai betegs\u00e9ggel sz\u00fclettem 2019-ben Budapesten. A betegs\u00e9gemnek nincs neve, a genetikai epilepszi\u00e1k csoportj\u00e1ba szokt\u00e1k sorolni, jelenleg nincs r\u00e1 gy\u00f3gym\u00f3d. Az eg\u00e9sz vil\u00e1gon \u00f6sszesen 6 esetr\u0151l \u00edrtak eddig tanulm\u00e1nyokban. A honlapon tal\u00e1lhat\u00f3 inform\u00e1ci\u00f3k c\u00e9lja: El\u0151seg\u00edts\u00fck [&hellip;]<\/p>\n","protected":false},"author":1,"featured_media":0,"parent":0,"menu_order":0,"comment_status":"closed","ping_status":"open","template":"","meta":{"footnotes":""},"class_list":["post-2","page","type-page","status-publish","hentry"],"yoast_head":"<!-- This site is optimized with the Yoast SEO plugin v27.4 - https:\/\/yoast.com\/product\/yoast-seo-wordpress\/ -->\n<title>Bemutatkoz\u00e1s - Le\u00f3 Mosoly\u00e1\u00e9rt Alap\u00edtv\u00e1ny<\/title>\n<meta name=\"robots\" content=\"index, follow, max-snippet:-1, max-image-preview:large, max-video-preview:-1\" \/>\n<link rel=\"canonical\" href=\"https:\/\/leomosolyaert.hu\/en\/\" \/>\n<meta property=\"og:locale\" content=\"en_US\" \/>\n<meta property=\"og:type\" content=\"article\" \/>\n<meta property=\"og:title\" content=\"Bemutatkoz\u00e1s - Le\u00f3 Mosoly\u00e1\u00e9rt Alap\u00edtv\u00e1ny\" \/>\n<meta property=\"og:description\" content=\"Szia! Ha megtal\u00e1ltad ezt az oldalt, akkor val\u00f3sz\u00edn\u0171leg m\u00e1r nem vagyok teljesen ismeretlen sz\u00e1modra: a nevem Le\u00f3, \u00e9s egy rendk\u00edv\u00fcl ritka genetikai betegs\u00e9ggel sz\u00fclettem 2019-ben Budapesten. A betegs\u00e9gemnek nincs neve, a genetikai epilepszi\u00e1k csoportj\u00e1ba szokt\u00e1k sorolni, jelenleg nincs r\u00e1 gy\u00f3gym\u00f3d. Az eg\u00e9sz vil\u00e1gon \u00f6sszesen 6 esetr\u0151l \u00edrtak eddig tanulm\u00e1nyokban. A honlapon tal\u00e1lhat\u00f3 inform\u00e1ci\u00f3k c\u00e9lja: El\u0151seg\u00edts\u00fck [&hellip;]\" \/>\n<meta property=\"og:url\" content=\"https:\/\/leomosolyaert.hu\/en\/\" \/>\n<meta property=\"og:site_name\" content=\"Le\u00f3 Mosoly\u00e1\u00e9rt Alap\u00edtv\u00e1ny\" \/>\n<meta property=\"article:modified_time\" content=\"2021-12-12T14:01:22+00:00\" \/>\n<meta name=\"twitter:card\" content=\"summary_large_image\" \/>\n<meta name=\"twitter:label1\" content=\"Est. reading time\" \/>\n\t<meta name=\"twitter:data1\" content=\"1 minute\" \/>\n<script type=\"application\/ld+json\" class=\"yoast-schema-graph\">{\"@context\":\"https:\\\/\\\/schema.org\",\"@graph\":[{\"@type\":\"WebPage\",\"@id\":\"https:\\\/\\\/leomosolyaert.hu\\\/\",\"url\":\"https:\\\/\\\/leomosolyaert.hu\\\/\",\"name\":\"Bemutatkoz\u00e1s - Le\u00f3 Mosoly\u00e1\u00e9rt Alap\u00edtv\u00e1ny\",\"isPartOf\":{\"@id\":\"https:\\\/\\\/leomosolyaert.hu\\\/#website\"},\"datePublished\":\"2021-03-15T13:04:08+00:00\",\"dateModified\":\"2021-12-12T14:01:22+00:00\",\"breadcrumb\":{\"@id\":\"https:\\\/\\\/leomosolyaert.hu\\\/#breadcrumb\"},\"inLanguage\":\"en-US\",\"potentialAction\":[{\"@type\":\"ReadAction\",\"target\":[\"https:\\\/\\\/leomosolyaert.hu\\\/\"]}]},{\"@type\":\"BreadcrumbList\",\"@id\":\"https:\\\/\\\/leomosolyaert.hu\\\/#breadcrumb\",\"itemListElement\":[{\"@type\":\"ListItem\",\"position\":1,\"name\":\"Kezd\u0151lap\",\"item\":\"https:\\\/\\\/leomosolyaert.hu\\\/\"},{\"@type\":\"ListItem\",\"position\":2,\"name\":\"Bemutatkoz\u00e1s\"}]},{\"@type\":\"WebSite\",\"@id\":\"https:\\\/\\\/leomosolyaert.hu\\\/#website\",\"url\":\"https:\\\/\\\/leomosolyaert.hu\\\/\",\"name\":\"Le\u00f3 Mosoly\u00e1\u00e9rt Alap\u00edtv\u00e1ny\",\"description\":\"\",\"potentialAction\":[{\"@type\":\"SearchAction\",\"target\":{\"@type\":\"EntryPoint\",\"urlTemplate\":\"https:\\\/\\\/leomosolyaert.hu\\\/?s={search_term_string}\"},\"query-input\":{\"@type\":\"PropertyValueSpecification\",\"valueRequired\":true,\"valueName\":\"search_term_string\"}}],\"inLanguage\":\"en-US\"}]}<\/script>\n<!-- \/ Yoast SEO plugin. -->","yoast_head_json":{"title":"Bemutatkoz\u00e1s - Le\u00f3 Mosoly\u00e1\u00e9rt Alap\u00edtv\u00e1ny","robots":{"index":"index","follow":"follow","max-snippet":"max-snippet:-1","max-image-preview":"max-image-preview:large","max-video-preview":"max-video-preview:-1"},"canonical":"https:\/\/leomosolyaert.hu\/en\/","og_locale":"en_US","og_type":"article","og_title":"Bemutatkoz\u00e1s - Le\u00f3 Mosoly\u00e1\u00e9rt Alap\u00edtv\u00e1ny","og_description":"Szia! Ha megtal\u00e1ltad ezt az oldalt, akkor val\u00f3sz\u00edn\u0171leg m\u00e1r nem vagyok teljesen ismeretlen sz\u00e1modra: a nevem Le\u00f3, \u00e9s egy rendk\u00edv\u00fcl ritka genetikai betegs\u00e9ggel sz\u00fclettem 2019-ben Budapesten. A betegs\u00e9gemnek nincs neve, a genetikai epilepszi\u00e1k csoportj\u00e1ba szokt\u00e1k sorolni, jelenleg nincs r\u00e1 gy\u00f3gym\u00f3d. Az eg\u00e9sz vil\u00e1gon \u00f6sszesen 6 esetr\u0151l \u00edrtak eddig tanulm\u00e1nyokban. A honlapon tal\u00e1lhat\u00f3 inform\u00e1ci\u00f3k c\u00e9lja: El\u0151seg\u00edts\u00fck [&hellip;]","og_url":"https:\/\/leomosolyaert.hu\/en\/","og_site_name":"Le\u00f3 Mosoly\u00e1\u00e9rt Alap\u00edtv\u00e1ny","article_modified_time":"2021-12-12T14:01:22+00:00","twitter_card":"summary_large_image","twitter_misc":{"Est. reading time":"1 minute"},"schema":{"@context":"https:\/\/schema.org","@graph":[{"@type":"WebPage","@id":"https:\/\/leomosolyaert.hu\/","url":"https:\/\/leomosolyaert.hu\/","name":"Bemutatkoz\u00e1s - Le\u00f3 Mosoly\u00e1\u00e9rt Alap\u00edtv\u00e1ny","isPartOf":{"@id":"https:\/\/leomosolyaert.hu\/#website"},"datePublished":"2021-03-15T13:04:08+00:00","dateModified":"2021-12-12T14:01:22+00:00","breadcrumb":{"@id":"https:\/\/leomosolyaert.hu\/#breadcrumb"},"inLanguage":"en-US","potentialAction":[{"@type":"ReadAction","target":["https:\/\/leomosolyaert.hu\/"]}]},{"@type":"BreadcrumbList","@id":"https:\/\/leomosolyaert.hu\/#breadcrumb","itemListElement":[{"@type":"ListItem","position":1,"name":"Kezd\u0151lap","item":"https:\/\/leomosolyaert.hu\/"},{"@type":"ListItem","position":2,"name":"Bemutatkoz\u00e1s"}]},{"@type":"WebSite","@id":"https:\/\/leomosolyaert.hu\/#website","url":"https:\/\/leomosolyaert.hu\/","name":"Le\u00f3's Smile Foundation","description":"","potentialAction":[{"@type":"SearchAction","target":{"@type":"EntryPoint","urlTemplate":"https:\/\/leomosolyaert.hu\/?s={search_term_string}"},"query-input":{"@type":"PropertyValueSpecification","valueRequired":true,"valueName":"search_term_string"}}],"inLanguage":"en-US"}]}},"_links":{"self":[{"href":"https:\/\/leomosolyaert.hu\/en\/wp-json\/wp\/v2\/pages\/2","targetHints":{"allow":["GET"]}}],"collection":[{"href":"https:\/\/leomosolyaert.hu\/en\/wp-json\/wp\/v2\/pages"}],"about":[{"href":"https:\/\/leomosolyaert.hu\/en\/wp-json\/wp\/v2\/types\/page"}],"author":[{"embeddable":true,"href":"https:\/\/leomosolyaert.hu\/en\/wp-json\/wp\/v2\/users\/1"}],"replies":[{"embeddable":true,"href":"https:\/\/leomosolyaert.hu\/en\/wp-json\/wp\/v2\/comments?post=2"}],"version-history":[{"count":19,"href":"https:\/\/leomosolyaert.hu\/en\/wp-json\/wp\/v2\/pages\/2\/revisions"}],"predecessor-version":[{"id":369,"href":"https:\/\/leomosolyaert.hu\/en\/wp-json\/wp\/v2\/pages\/2\/revisions\/369"}],"wp:attachment":[{"href":"https:\/\/leomosolyaert.hu\/en\/wp-json\/wp\/v2\/media?parent=2"}],"curies":[{"name":"wp","href":"https:\/\/api.w.org\/{rel}","templated":true}]}}