{"id":43,"date":"2021-05-28T20:57:34","date_gmt":"2021-05-28T19:57:34","guid":{"rendered":"https:\/\/leomosolyaert.hu\/?page_id=43"},"modified":"2021-12-13T19:26:00","modified_gmt":"2021-12-13T18:26:00","slug":"tunetek-fejlesztesek","status":"publish","type":"page","link":"https:\/\/leomosolyaert.hu\/en\/tunetek-fejlesztesek\/","title":{"rendered":"Symptoms and development"},"content":{"rendered":"<div class=\"wp-block-image\"><figure class=\"alignleft size-large is-resized\"><img loading=\"lazy\" decoding=\"async\" src=\"http:\/\/leomosolyaert.hu\/wp-content\/uploads\/2021\/05\/received_473905887196594.jpeg\" alt=\"\" class=\"wp-image-189\" width=\"355\" height=\"474\" srcset=\"https:\/\/leomosolyaert.hu\/wp-content\/uploads\/2021\/05\/received_473905887196594.jpeg 720w, https:\/\/leomosolyaert.hu\/wp-content\/uploads\/2021\/05\/received_473905887196594-225x300.jpeg 225w\" sizes=\"auto, (max-width: 355px) 100vw, 355px\" \/><\/figure><\/div>\n\n\n\n<p>This page is dedicated to a concise overview about Leo's treatments, but it's not at all complete. Who would want to read again and again about visits and checks? Even a normal child has more than enough visits to the doctor, a special kid has a lot more. All this effort is made to control his condition as much as possible and to provide the highest quality of life possible. In the end, they are but children who want to play and explore the world in their own ways. <\/p>\n\n\n\n<p>At first, everyone notices how different a special child is. We understand if people glance or stare at Leo, maybe even try to ask questions. We believe by answering the questions here most people are afraid to ask in person, everyone can focus on the most important thing: <strong>Leo is an adorable little boy, with his own unique personality.<\/strong><\/p>\n\n\n\n<p><strong>Epilepsy: <\/strong>A legels\u0151 t\u00fcnet, az orvosok szem\u00e9ben \u0151 gyakran &#8222;csak&#8221; egy epilepszi\u00e1s kisfi\u00fa. Le\u00f3t 1 \u00f3r\u00e1s kor\u00e1ban vitt\u00e9k az intenz\u00edvre g\u00f6rcsgyan\u00fas tev\u00e9kenys\u00e9g miatt, aminek epilepszi\u00e1s volt\u00e1t csak 1 \u00e9ves kora k\u00f6r\u00fcl igazolt\u00e1k EEG-vel (ezzel a m\u00f3dszerrel vizsg\u00e1lj\u00e1k az agyi elektromos tev\u00e9kenys\u00e9get). Folyamatosan k\u00fcl\u00f6nb\u00f6z\u0151 gy\u00f3gyszerekkel pr\u00f3b\u00e1lkozunk, hogy rohammentess\u00e9 tegy\u00fck az \u00e1llapot\u00e1t. Hosszabb-r\u00f6videbb ideig siker\u00fcl. Minden egyes epilepszi\u00e1s g\u00f6rcs tov\u00e1bb ronthat az \u00e1llapot\u00e1n (mind az orvosi \u00e9rtelemben vett fejl\u0151d\u00e9si kil\u00e1t\u00e1sain, mind a mindennapi k\u00f6z\u00e9rzet\u00e9n), ez\u00e9rt a sok mell\u00e9khat\u00e1s ellen\u00e9re sz\u00fcks\u00e9ge van k\u00fcl\u00f6nb\u00f6z\u0151 antiepileptikumokra.<\/p>\n\n\n\n<p><strong>Motoric skills: <\/strong>Leo has the motoric skills of an average 3-6 months old baby. He cannot hold his head alone, cannot crawl, sit or walk. Sometimes he's hypotonic, sometimes hypertonic, sometimes it's a mix of both. He'll need a special wheelchair once he's old enough. Daily physical training is required to try improving his skills and also to prevent his condition from worsening due to lack of physical activity. <\/p>\n\n\n\n<p><strong>Visual skills:<\/strong> As the condition also affects the part of the brain which is responsible for processing visual information, after some time, the optic nerve becomes damaged. Due to the genetic nature of the condition, medicinal\/surgical treatment is unfortunately not possible. Le\u00f3\u2019s eyes are light-sensitive, he feels most comfortable in a semi-dark or dark place. Even though he can see a bit, he does not primarily rely on his eyesight to discover the world around him. In fact, how much he can use his eyes often changes throughout the day - sometimes for the better, sometimes for the worse. Do not be surprised if he does not look directly into your eyes when you meet him, but do talk to him, say hello, and he will for sure know you are there. His hearing is outstanding, but similarly to other kids, it is often selective. :)<\/p>\n\n\n\n<p><strong>Intellectual development:<\/strong> Le\u00f3 perceives what is happening around him, but due to his condition, he has limited ways to react. Crying and different motions are usually utilized to express his dissatisfaction; smiling, laughing and sighing are the signs of him enjoying what is happening. As he cannot express his needs through words, for someone meeting him for the first time, it can be a bit hard to understand what he wants. His hearing is very good, music is his favourite. He can smell, taste, recognize when he has been picked up, hugged or given a kiss. You cannot really test these things, but they do give the essence of life. <\/p>\n\n\n\n<p><strong>Other symptoms:<\/strong><\/p>\n\n\n\n<ul class=\"wp-block-list\"><li>Ataxia: the difficulty of coordinating muscle movements, one of the primary indicators of the KCNA2 genetic mutations. This causes him to not be able to coordinate his limbs and eyes. It also causes dysphagia.<\/li><\/ul>\n\n\n\n<ul class=\"wp-block-list\"><li>Sleeping: Many epileptic children do not have their circadian rhythm properly aligned, and it is typical for kids with this genetic mutation as the KCNA2 gene is also responsible for its control. Leo has a hard time falling asleep and has a tendency to mix up day and night. If it was up to him, he would go to sleep at 2 AM and wake up at noon.<\/li><\/ul>\n\n\n\n<ul class=\"wp-block-list\"><li>Pain perception: The gene is also responsible for controlling pain perception. Some kids sense pain more, some less, according to parents\u2019 testaments. There are no exact descriptions regarding Leo\u2019s mutation, but given his frequent moodiness, we suspect that he may be more sensitive towards pain.<\/li><\/ul>\n\n\n\n<ul class=\"wp-block-list\"><li>Digestion: This is partially correlated with a sedentary lifestyle and ataxia. There are 4 children known to us who live with this condition and are older than Leo. Three of them are fed through feeding tubes. Currently, Leo can eat pureed food with a spoon, but if his issue with swallowing or digestive problems increase or perhaps his weight does not reach a minimum threshold (he has a hard time gaining weight even now),  this may be the solution with the lowest risk. We have already received a medical recommendation for the feeding tube. However, we would also like to avoid this option as long as possible. <\/li><\/ul>\n\n\n\n<p>Apart from the usual GP, Leo visits regularly the following <strong>departments<\/strong>: neurology, development neurology, optometry, oncology, general surgery, gastroenterology, orthopaedics, child rehabilitation, dentistry. We'll not go into details about most of them to keep the contents on this page to a manageable size.<\/p>\n\n\n\n<h2 class=\"wp-block-heading\"><strong>Therapy and classification in the Hungarian healthcare system (SNI)<\/strong><\/h2>\n\n\n\n<p><strong>Le\u00f3 is classified as a \"Child needing specialized education\" (SNI)<\/strong>. This diagnosis allows him to receive treatment appropriate for his age.<\/p>\n\n\n\n<p>Le\u00f3 receives complex physical and occupational therapies multiple times a week at the Fellegv\u00e1r daycare, which incorporates movement, eyesight and intellectual training. Once a week an visual trainer visits him.<\/p>\n\n\n\n<p><strong>Is he getting the <em>right<\/em> treatment?<\/strong><\/p>\n\n\n\n<p>We know that everyone trusts their own method the most. Oftentimes, we were scared to tell specialists that we have seen others too.<\/p>\n\n\n\n<p>We have tried lots of things, maybe there were periods when we tried too many. Le\u00f3 also has his own limits, he cannot be treated 24\/7. In most places, Le\u00f3 was treated with utmost love, and we would like to thank everyone who worked with him for shorter or longer periods.<\/p>\n\n\n\n<p>To illustrate how many possibilities there are, below is a list of physical and occupational therapies (for various ages and diagnoses):<\/p>\n\n\n\n<blockquote class=\"wp-block-quote is-layout-flow wp-block-quote-is-layout-flow\"><p>Katona method, D\u00e9v\u00e9ny method, Pet\u0151 method, Doman method, TSMT, HRG (BHRG, hydrotherapy), physiotherapy, occupational therapy, visual therapy, nutrition therapy, Kulcs\u00e1r therapy, Ayres therapy, Pfaffenrot therapy, Bobath therapy, Kinesio taping, ABR therapy, animal-assisted therapies (dogs, horses, dolphin), Vojta therapy, Suit therapy, Thomatis method, Feldenkrais therapy, INPP, Delacato method, Schichida method, BMC somatic movement education, Bowen therapy\u2026<\/p><\/blockquote>\n\n\n\n<p>It must be noted that neither of these methods offers improvement after one session, most often they are recommended once a week, throughout months. This goes to show that one cannot really try everything, nor does it make sense to do so. <\/p>\n\n\n\n<p>Probably the best treatment for Leo right now is attending the <a href=\"https:\/\/www.facebook.com\/Fellegajt%C3%B3-Nyitogat%C3%B3k-Alap%C3%ADtv%C3%A1ny-T%C3%A1ltos-var%C3%A1zsl%C3%B3-403256979819223\/\">Fellegv\u00e1r daycare,<\/a> where he currently goes each workday for training, therapies and socialization. This is the only institution in Hungary (including both government and private ones) where Le\u00f3 is welcomed and where he can receive treatment appropriate for his condition. Herewith we would like to thank everyone who contributed to the establishment and operation of this special institution. It deserves a post on its own, and we will write about it later. <\/p>","protected":false},"excerpt":{"rendered":"<p>A honlapnak \u00e9s blognak nem c\u00e9lja, hogy Le\u00f3 betegs\u00e9g\u00e9vel kapcsolatos \u00f6sszes ell\u00e1t\u00e1sr\u00f3l aktu\u00e1lisan \u00edrjunk. Ki akarn\u00e1 folyton azt olvasni, hogy \u00fajabb szakorvoshoz vagy \u00fajabb kontrollra megy\u00fcnk? Egy \u00e1tlagos gyermek is megfordul j\u00f3 p\u00e1r orvosn\u00e1l, egy sp\u00e9ci gyermek egy kicsit t\u00f6bbn\u00e9l. Erre az\u00e9rt van sz\u00fcks\u00e9g, hogy az \u00e1llapotukb\u00f3l kihozzuk azt, amire az orvostudom\u00e1ny a jelenlegi \u00e1ll\u00e1sa [&hellip;]<\/p>\n","protected":false},"author":1,"featured_media":0,"parent":0,"menu_order":0,"comment_status":"closed","ping_status":"closed","template":"","meta":{"footnotes":""},"class_list":["post-43","page","type-page","status-publish","hentry"],"yoast_head":"<!-- This site is optimized with the Yoast SEO plugin v27.4 - https:\/\/yoast.com\/product\/yoast-seo-wordpress\/ -->\n<title>T\u00fcnetek, fejleszt\u00e9sek - Le\u00f3 Mosoly\u00e1\u00e9rt Alap\u00edtv\u00e1ny<\/title>\n<meta name=\"robots\" content=\"index, follow, max-snippet:-1, max-image-preview:large, max-video-preview:-1\" \/>\n<link rel=\"canonical\" href=\"https:\/\/leomosolyaert.hu\/en\/tunetek-fejlesztesek\/\" \/>\n<meta property=\"og:locale\" content=\"en_US\" \/>\n<meta property=\"og:type\" content=\"article\" \/>\n<meta property=\"og:title\" content=\"T\u00fcnetek, fejleszt\u00e9sek - Le\u00f3 Mosoly\u00e1\u00e9rt Alap\u00edtv\u00e1ny\" \/>\n<meta property=\"og:description\" content=\"A honlapnak \u00e9s blognak nem c\u00e9lja, hogy Le\u00f3 betegs\u00e9g\u00e9vel kapcsolatos \u00f6sszes ell\u00e1t\u00e1sr\u00f3l aktu\u00e1lisan \u00edrjunk. Ki akarn\u00e1 folyton azt olvasni, hogy \u00fajabb szakorvoshoz vagy \u00fajabb kontrollra megy\u00fcnk? Egy \u00e1tlagos gyermek is megfordul j\u00f3 p\u00e1r orvosn\u00e1l, egy sp\u00e9ci gyermek egy kicsit t\u00f6bbn\u00e9l. Erre az\u00e9rt van sz\u00fcks\u00e9g, hogy az \u00e1llapotukb\u00f3l kihozzuk azt, amire az orvostudom\u00e1ny a jelenlegi \u00e1ll\u00e1sa [&hellip;]\" \/>\n<meta property=\"og:url\" content=\"https:\/\/leomosolyaert.hu\/en\/tunetek-fejlesztesek\/\" \/>\n<meta property=\"og:site_name\" content=\"Le\u00f3 Mosoly\u00e1\u00e9rt Alap\u00edtv\u00e1ny\" \/>\n<meta property=\"article:modified_time\" content=\"2021-12-13T18:26:00+00:00\" \/>\n<meta property=\"og:image\" content=\"http:\/\/leomosolyaert.hu\/wp-content\/uploads\/2021\/05\/received_473905887196594.jpeg\" \/>\n<meta name=\"twitter:card\" content=\"summary_large_image\" \/>\n<meta name=\"twitter:label1\" content=\"Est. reading time\" \/>\n\t<meta name=\"twitter:data1\" content=\"5 minutes\" \/>\n<script type=\"application\/ld+json\" class=\"yoast-schema-graph\">{\"@context\":\"https:\\\/\\\/schema.org\",\"@graph\":[{\"@type\":\"WebPage\",\"@id\":\"https:\\\/\\\/leomosolyaert.hu\\\/tunetek-fejlesztesek\\\/\",\"url\":\"https:\\\/\\\/leomosolyaert.hu\\\/tunetek-fejlesztesek\\\/\",\"name\":\"T\u00fcnetek, fejleszt\u00e9sek - Le\u00f3 Mosoly\u00e1\u00e9rt Alap\u00edtv\u00e1ny\",\"isPartOf\":{\"@id\":\"https:\\\/\\\/leomosolyaert.hu\\\/#website\"},\"primaryImageOfPage\":{\"@id\":\"https:\\\/\\\/leomosolyaert.hu\\\/tunetek-fejlesztesek\\\/#primaryimage\"},\"image\":{\"@id\":\"https:\\\/\\\/leomosolyaert.hu\\\/tunetek-fejlesztesek\\\/#primaryimage\"},\"thumbnailUrl\":\"http:\\\/\\\/leomosolyaert.hu\\\/wp-content\\\/uploads\\\/2021\\\/05\\\/received_473905887196594.jpeg\",\"datePublished\":\"2021-05-28T19:57:34+00:00\",\"dateModified\":\"2021-12-13T18:26:00+00:00\",\"breadcrumb\":{\"@id\":\"https:\\\/\\\/leomosolyaert.hu\\\/tunetek-fejlesztesek\\\/#breadcrumb\"},\"inLanguage\":\"en-US\",\"potentialAction\":[{\"@type\":\"ReadAction\",\"target\":[\"https:\\\/\\\/leomosolyaert.hu\\\/tunetek-fejlesztesek\\\/\"]}]},{\"@type\":\"ImageObject\",\"inLanguage\":\"en-US\",\"@id\":\"https:\\\/\\\/leomosolyaert.hu\\\/tunetek-fejlesztesek\\\/#primaryimage\",\"url\":\"http:\\\/\\\/leomosolyaert.hu\\\/wp-content\\\/uploads\\\/2021\\\/05\\\/received_473905887196594.jpeg\",\"contentUrl\":\"http:\\\/\\\/leomosolyaert.hu\\\/wp-content\\\/uploads\\\/2021\\\/05\\\/received_473905887196594.jpeg\"},{\"@type\":\"BreadcrumbList\",\"@id\":\"https:\\\/\\\/leomosolyaert.hu\\\/tunetek-fejlesztesek\\\/#breadcrumb\",\"itemListElement\":[{\"@type\":\"ListItem\",\"position\":1,\"name\":\"Kezd\u0151lap\",\"item\":\"https:\\\/\\\/leomosolyaert.hu\\\/\"},{\"@type\":\"ListItem\",\"position\":2,\"name\":\"T\u00fcnetek, fejleszt\u00e9sek\"}]},{\"@type\":\"WebSite\",\"@id\":\"https:\\\/\\\/leomosolyaert.hu\\\/#website\",\"url\":\"https:\\\/\\\/leomosolyaert.hu\\\/\",\"name\":\"Le\u00f3 Mosoly\u00e1\u00e9rt Alap\u00edtv\u00e1ny\",\"description\":\"\",\"potentialAction\":[{\"@type\":\"SearchAction\",\"target\":{\"@type\":\"EntryPoint\",\"urlTemplate\":\"https:\\\/\\\/leomosolyaert.hu\\\/?s={search_term_string}\"},\"query-input\":{\"@type\":\"PropertyValueSpecification\",\"valueRequired\":true,\"valueName\":\"search_term_string\"}}],\"inLanguage\":\"en-US\"}]}<\/script>\n<!-- \/ Yoast SEO plugin. -->","yoast_head_json":{"title":"T\u00fcnetek, fejleszt\u00e9sek - Le\u00f3 Mosoly\u00e1\u00e9rt Alap\u00edtv\u00e1ny","robots":{"index":"index","follow":"follow","max-snippet":"max-snippet:-1","max-image-preview":"max-image-preview:large","max-video-preview":"max-video-preview:-1"},"canonical":"https:\/\/leomosolyaert.hu\/en\/tunetek-fejlesztesek\/","og_locale":"en_US","og_type":"article","og_title":"T\u00fcnetek, fejleszt\u00e9sek - Le\u00f3 Mosoly\u00e1\u00e9rt Alap\u00edtv\u00e1ny","og_description":"A honlapnak \u00e9s blognak nem c\u00e9lja, hogy Le\u00f3 betegs\u00e9g\u00e9vel kapcsolatos \u00f6sszes ell\u00e1t\u00e1sr\u00f3l aktu\u00e1lisan \u00edrjunk. Ki akarn\u00e1 folyton azt olvasni, hogy \u00fajabb szakorvoshoz vagy \u00fajabb kontrollra megy\u00fcnk? Egy \u00e1tlagos gyermek is megfordul j\u00f3 p\u00e1r orvosn\u00e1l, egy sp\u00e9ci gyermek egy kicsit t\u00f6bbn\u00e9l. Erre az\u00e9rt van sz\u00fcks\u00e9g, hogy az \u00e1llapotukb\u00f3l kihozzuk azt, amire az orvostudom\u00e1ny a jelenlegi \u00e1ll\u00e1sa [&hellip;]","og_url":"https:\/\/leomosolyaert.hu\/en\/tunetek-fejlesztesek\/","og_site_name":"Le\u00f3 Mosoly\u00e1\u00e9rt Alap\u00edtv\u00e1ny","article_modified_time":"2021-12-13T18:26:00+00:00","og_image":[{"url":"http:\/\/leomosolyaert.hu\/wp-content\/uploads\/2021\/05\/received_473905887196594.jpeg","type":"","width":"","height":""}],"twitter_card":"summary_large_image","twitter_misc":{"Est. reading time":"5 minutes"},"schema":{"@context":"https:\/\/schema.org","@graph":[{"@type":"WebPage","@id":"https:\/\/leomosolyaert.hu\/tunetek-fejlesztesek\/","url":"https:\/\/leomosolyaert.hu\/tunetek-fejlesztesek\/","name":"T\u00fcnetek, fejleszt\u00e9sek - Le\u00f3 Mosoly\u00e1\u00e9rt Alap\u00edtv\u00e1ny","isPartOf":{"@id":"https:\/\/leomosolyaert.hu\/#website"},"primaryImageOfPage":{"@id":"https:\/\/leomosolyaert.hu\/tunetek-fejlesztesek\/#primaryimage"},"image":{"@id":"https:\/\/leomosolyaert.hu\/tunetek-fejlesztesek\/#primaryimage"},"thumbnailUrl":"http:\/\/leomosolyaert.hu\/wp-content\/uploads\/2021\/05\/received_473905887196594.jpeg","datePublished":"2021-05-28T19:57:34+00:00","dateModified":"2021-12-13T18:26:00+00:00","breadcrumb":{"@id":"https:\/\/leomosolyaert.hu\/tunetek-fejlesztesek\/#breadcrumb"},"inLanguage":"en-US","potentialAction":[{"@type":"ReadAction","target":["https:\/\/leomosolyaert.hu\/tunetek-fejlesztesek\/"]}]},{"@type":"ImageObject","inLanguage":"en-US","@id":"https:\/\/leomosolyaert.hu\/tunetek-fejlesztesek\/#primaryimage","url":"http:\/\/leomosolyaert.hu\/wp-content\/uploads\/2021\/05\/received_473905887196594.jpeg","contentUrl":"http:\/\/leomosolyaert.hu\/wp-content\/uploads\/2021\/05\/received_473905887196594.jpeg"},{"@type":"BreadcrumbList","@id":"https:\/\/leomosolyaert.hu\/tunetek-fejlesztesek\/#breadcrumb","itemListElement":[{"@type":"ListItem","position":1,"name":"Kezd\u0151lap","item":"https:\/\/leomosolyaert.hu\/"},{"@type":"ListItem","position":2,"name":"T\u00fcnetek, fejleszt\u00e9sek"}]},{"@type":"WebSite","@id":"https:\/\/leomosolyaert.hu\/#website","url":"https:\/\/leomosolyaert.hu\/","name":"Le\u00f3's Smile Foundation","description":"","potentialAction":[{"@type":"SearchAction","target":{"@type":"EntryPoint","urlTemplate":"https:\/\/leomosolyaert.hu\/?s={search_term_string}"},"query-input":{"@type":"PropertyValueSpecification","valueRequired":true,"valueName":"search_term_string"}}],"inLanguage":"en-US"}]}},"_links":{"self":[{"href":"https:\/\/leomosolyaert.hu\/en\/wp-json\/wp\/v2\/pages\/43","targetHints":{"allow":["GET"]}}],"collection":[{"href":"https:\/\/leomosolyaert.hu\/en\/wp-json\/wp\/v2\/pages"}],"about":[{"href":"https:\/\/leomosolyaert.hu\/en\/wp-json\/wp\/v2\/types\/page"}],"author":[{"embeddable":true,"href":"https:\/\/leomosolyaert.hu\/en\/wp-json\/wp\/v2\/users\/1"}],"replies":[{"embeddable":true,"href":"https:\/\/leomosolyaert.hu\/en\/wp-json\/wp\/v2\/comments?post=43"}],"version-history":[{"count":21,"href":"https:\/\/leomosolyaert.hu\/en\/wp-json\/wp\/v2\/pages\/43\/revisions"}],"predecessor-version":[{"id":386,"href":"https:\/\/leomosolyaert.hu\/en\/wp-json\/wp\/v2\/pages\/43\/revisions\/386"}],"wp:attachment":[{"href":"https:\/\/leomosolyaert.hu\/en\/wp-json\/wp\/v2\/media?parent=43"}],"curies":[{"name":"wp","href":"https:\/\/api.w.org\/{rel}","templated":true}]}}