{"id":533,"date":"2024-12-07T21:48:24","date_gmt":"2024-12-07T20:48:24","guid":{"rendered":"https:\/\/leomosolyaert.hu\/?page_id=533"},"modified":"2025-09-01T21:45:25","modified_gmt":"2025-09-01T20:45:25","slug":"beszamolok","status":"publish","type":"page","link":"https:\/\/leomosolyaert.hu\/en\/beszamolok\/","title":{"rendered":"Besz\u00e1mol\u00f3k"},"content":{"rendered":"<h1 class=\"wp-block-heading\">\u00a02024<\/h1>\n\n\n\n<div data-wp-interactive=\"core\/file\" class=\"wp-block-file\"><object data-wp-bind--hidden=\"!state.hasPdfPreview\" hidden class=\"wp-block-file__embed\" data=\"https:\/\/leomosolyaert.hu\/wp-content\/uploads\/2025\/09\/beszamolo_2024.pdf\" type=\"application\/pdf\" style=\"width:100%;height:600px\" aria-label=\"Embed of beszamolo_2024.\"><\/object><a id=\"wp-block-file--media-8a0ea312-0bf1-4df8-9749-23f7ac1acf45\" href=\"https:\/\/leomosolyaert.hu\/wp-content\/uploads\/2025\/09\/beszamolo_2024.pdf\">beszamolo_2024<\/a><a href=\"https:\/\/leomosolyaert.hu\/wp-content\/uploads\/2025\/09\/beszamolo_2024.pdf\" class=\"wp-block-file__button wp-element-button\" download aria-describedby=\"wp-block-file--media-8a0ea312-0bf1-4df8-9749-23f7ac1acf45\">Let\u00f6lt\u00e9s<\/a><\/div>\n\n\n\n<hr class=\"wp-block-separator has-alpha-channel-opacity\"\/>\n\n\n\n<h1 class=\"wp-block-heading\">2023<\/h1>\n\n\n\n<div data-wp-interactive=\"core\/file\" class=\"wp-block-file\"><object data-wp-bind--hidden=\"!state.hasPdfPreview\" hidden class=\"wp-block-file__embed\" data=\"https:\/\/leomosolyaert.hu\/wp-content\/uploads\/2024\/12\/beszamolo_2023-1.pdf\" type=\"application\/pdf\" style=\"width:100%;height:600px\" aria-label=\"Embed of beszamolo_2023.\"><\/object><a id=\"wp-block-file--media-ff4914cd-745b-405f-8676-4ec51401a20b\" href=\"https:\/\/leomosolyaert.hu\/wp-content\/uploads\/2024\/12\/beszamolo_2023-1.pdf\">beszamolo_2023<\/a><a href=\"https:\/\/leomosolyaert.hu\/wp-content\/uploads\/2024\/12\/beszamolo_2023-1.pdf\" class=\"wp-block-file__button wp-element-button\" download aria-describedby=\"wp-block-file--media-ff4914cd-745b-405f-8676-4ec51401a20b\">Let\u00f6lt\u00e9s<\/a><\/div>\n\n\n\n<hr class=\"wp-block-separator has-alpha-channel-opacity\"\/>\n\n\n\n<h1 class=\"wp-block-heading\">2022<\/h1>\n\n\n\n<div data-wp-interactive=\"core\/file\" class=\"wp-block-file\"><object data-wp-bind--hidden=\"!state.hasPdfPreview\" hidden class=\"wp-block-file__embed\" data=\"https:\/\/leomosolyaert.hu\/wp-content\/uploads\/2024\/12\/beszamolo_2022.pdf\" type=\"application\/pdf\" style=\"width:100%;height:600px\" aria-label=\"Embed of beszamolo_2022.\"><\/object><a id=\"wp-block-file--media-94bb8e3c-7ca5-4704-a143-5f763704a4f8\" href=\"https:\/\/leomosolyaert.hu\/wp-content\/uploads\/2024\/12\/beszamolo_2022.pdf\">beszamolo_2022<\/a><a href=\"https:\/\/leomosolyaert.hu\/wp-content\/uploads\/2024\/12\/beszamolo_2022.pdf\" class=\"wp-block-file__button wp-element-button\" download aria-describedby=\"wp-block-file--media-94bb8e3c-7ca5-4704-a143-5f763704a4f8\">Let\u00f6lt\u00e9s<\/a><\/div>\n\n\n\n<hr class=\"wp-block-separator has-alpha-channel-opacity\"\/>\n\n\n\n<h1 class=\"wp-block-heading\">2021<\/h1>\n\n\n\n<div data-wp-interactive=\"core\/file\" class=\"wp-block-file\"><object data-wp-bind--hidden=\"!state.hasPdfPreview\" hidden class=\"wp-block-file__embed\" data=\"https:\/\/leomosolyaert.hu\/wp-content\/uploads\/2024\/12\/beszamolo_2021-1.pdf\" type=\"application\/pdf\" style=\"width:100%;height:600px\" aria-label=\"Embed of beszamolo_2021.\"><\/object><a id=\"wp-block-file--media-6e401b5b-12bf-4f26-97be-c3793361bc39\" href=\"https:\/\/leomosolyaert.hu\/wp-content\/uploads\/2024\/12\/beszamolo_2021-1.pdf\">beszamolo_2021<\/a><a href=\"https:\/\/leomosolyaert.hu\/wp-content\/uploads\/2024\/12\/beszamolo_2021-1.pdf\" class=\"wp-block-file__button wp-element-button\" download aria-describedby=\"wp-block-file--media-6e401b5b-12bf-4f26-97be-c3793361bc39\">Let\u00f6lt\u00e9s<\/a><\/div>\n\n\n\n<p><\/p>","protected":false},"excerpt":{"rendered":"<p>\u00a02024 2023 2022 2021<\/p>","protected":false},"author":1,"featured_media":0,"parent":0,"menu_order":0,"comment_status":"closed","ping_status":"closed","template":"","meta":{"footnotes":""},"class_list":["post-533","page","type-page","status-publish","hentry"],"yoast_head":"<!-- This site is optimized with the Yoast SEO plugin v27.4 - https:\/\/yoast.com\/product\/yoast-seo-wordpress\/ -->\n<title>Besz\u00e1mol\u00f3k - Le\u00f3 Mosoly\u00e1\u00e9rt Alap\u00edtv\u00e1ny<\/title>\n<meta name=\"robots\" content=\"index, follow, max-snippet:-1, max-image-preview:large, max-video-preview:-1\" \/>\n<link rel=\"canonical\" href=\"https:\/\/leomosolyaert.hu\/en\/beszamolok\/\" \/>\n<meta property=\"og:locale\" content=\"en_US\" \/>\n<meta property=\"og:type\" content=\"article\" \/>\n<meta property=\"og:title\" content=\"Besz\u00e1mol\u00f3k - Le\u00f3 Mosoly\u00e1\u00e9rt Alap\u00edtv\u00e1ny\" \/>\n<meta property=\"og:description\" content=\"\u00a02024 2023 2022 2021\" \/>\n<meta property=\"og:url\" content=\"https:\/\/leomosolyaert.hu\/en\/beszamolok\/\" \/>\n<meta property=\"og:site_name\" content=\"Le\u00f3 Mosoly\u00e1\u00e9rt Alap\u00edtv\u00e1ny\" \/>\n<meta property=\"article:modified_time\" content=\"2025-09-01T20:45:25+00:00\" \/>\n<meta name=\"twitter:card\" content=\"summary_large_image\" \/>\n<meta name=\"twitter:label1\" content=\"Est. reading time\" \/>\n\t<meta name=\"twitter:data1\" content=\"1 minute\" \/>\n<script type=\"application\/ld+json\" class=\"yoast-schema-graph\">{\"@context\":\"https:\\\/\\\/schema.org\",\"@graph\":[{\"@type\":\"WebPage\",\"@id\":\"https:\\\/\\\/leomosolyaert.hu\\\/beszamolok\\\/\",\"url\":\"https:\\\/\\\/leomosolyaert.hu\\\/beszamolok\\\/\",\"name\":\"Besz\u00e1mol\u00f3k - Le\u00f3 Mosoly\u00e1\u00e9rt Alap\u00edtv\u00e1ny\",\"isPartOf\":{\"@id\":\"https:\\\/\\\/leomosolyaert.hu\\\/#website\"},\"datePublished\":\"2024-12-07T20:48:24+00:00\",\"dateModified\":\"2025-09-01T20:45:25+00:00\",\"breadcrumb\":{\"@id\":\"https:\\\/\\\/leomosolyaert.hu\\\/beszamolok\\\/#breadcrumb\"},\"inLanguage\":\"en-US\",\"potentialAction\":[{\"@type\":\"ReadAction\",\"target\":[\"https:\\\/\\\/leomosolyaert.hu\\\/beszamolok\\\/\"]}]},{\"@type\":\"BreadcrumbList\",\"@id\":\"https:\\\/\\\/leomosolyaert.hu\\\/beszamolok\\\/#breadcrumb\",\"itemListElement\":[{\"@type\":\"ListItem\",\"position\":1,\"name\":\"Kezd\u0151lap\",\"item\":\"https:\\\/\\\/leomosolyaert.hu\\\/\"},{\"@type\":\"ListItem\",\"position\":2,\"name\":\"Besz\u00e1mol\u00f3k\"}]},{\"@type\":\"WebSite\",\"@id\":\"https:\\\/\\\/leomosolyaert.hu\\\/#website\",\"url\":\"https:\\\/\\\/leomosolyaert.hu\\\/\",\"name\":\"Le\u00f3 Mosoly\u00e1\u00e9rt Alap\u00edtv\u00e1ny\",\"description\":\"\",\"potentialAction\":[{\"@type\":\"SearchAction\",\"target\":{\"@type\":\"EntryPoint\",\"urlTemplate\":\"https:\\\/\\\/leomosolyaert.hu\\\/?s={search_term_string}\"},\"query-input\":{\"@type\":\"PropertyValueSpecification\",\"valueRequired\":true,\"valueName\":\"search_term_string\"}}],\"inLanguage\":\"en-US\"}]}<\/script>\n<!-- \/ Yoast SEO plugin. -->","yoast_head_json":{"title":"Besz\u00e1mol\u00f3k - Le\u00f3 Mosoly\u00e1\u00e9rt Alap\u00edtv\u00e1ny","robots":{"index":"index","follow":"follow","max-snippet":"max-snippet:-1","max-image-preview":"max-image-preview:large","max-video-preview":"max-video-preview:-1"},"canonical":"https:\/\/leomosolyaert.hu\/en\/beszamolok\/","og_locale":"en_US","og_type":"article","og_title":"Besz\u00e1mol\u00f3k - Le\u00f3 Mosoly\u00e1\u00e9rt Alap\u00edtv\u00e1ny","og_description":"\u00a02024 2023 2022 2021","og_url":"https:\/\/leomosolyaert.hu\/en\/beszamolok\/","og_site_name":"Le\u00f3 Mosoly\u00e1\u00e9rt Alap\u00edtv\u00e1ny","article_modified_time":"2025-09-01T20:45:25+00:00","twitter_card":"summary_large_image","twitter_misc":{"Est. reading time":"1 minute"},"schema":{"@context":"https:\/\/schema.org","@graph":[{"@type":"WebPage","@id":"https:\/\/leomosolyaert.hu\/beszamolok\/","url":"https:\/\/leomosolyaert.hu\/beszamolok\/","name":"Besz\u00e1mol\u00f3k - Le\u00f3 Mosoly\u00e1\u00e9rt Alap\u00edtv\u00e1ny","isPartOf":{"@id":"https:\/\/leomosolyaert.hu\/#website"},"datePublished":"2024-12-07T20:48:24+00:00","dateModified":"2025-09-01T20:45:25+00:00","breadcrumb":{"@id":"https:\/\/leomosolyaert.hu\/beszamolok\/#breadcrumb"},"inLanguage":"en-US","potentialAction":[{"@type":"ReadAction","target":["https:\/\/leomosolyaert.hu\/beszamolok\/"]}]},{"@type":"BreadcrumbList","@id":"https:\/\/leomosolyaert.hu\/beszamolok\/#breadcrumb","itemListElement":[{"@type":"ListItem","position":1,"name":"Kezd\u0151lap","item":"https:\/\/leomosolyaert.hu\/"},{"@type":"ListItem","position":2,"name":"Besz\u00e1mol\u00f3k"}]},{"@type":"WebSite","@id":"https:\/\/leomosolyaert.hu\/#website","url":"https:\/\/leomosolyaert.hu\/","name":"Le\u00f3's Smile Foundation","description":"","potentialAction":[{"@type":"SearchAction","target":{"@type":"EntryPoint","urlTemplate":"https:\/\/leomosolyaert.hu\/?s={search_term_string}"},"query-input":{"@type":"PropertyValueSpecification","valueRequired":true,"valueName":"search_term_string"}}],"inLanguage":"en-US"}]}},"_links":{"self":[{"href":"https:\/\/leomosolyaert.hu\/en\/wp-json\/wp\/v2\/pages\/533","targetHints":{"allow":["GET"]}}],"collection":[{"href":"https:\/\/leomosolyaert.hu\/en\/wp-json\/wp\/v2\/pages"}],"about":[{"href":"https:\/\/leomosolyaert.hu\/en\/wp-json\/wp\/v2\/types\/page"}],"author":[{"embeddable":true,"href":"https:\/\/leomosolyaert.hu\/en\/wp-json\/wp\/v2\/users\/1"}],"replies":[{"embeddable":true,"href":"https:\/\/leomosolyaert.hu\/en\/wp-json\/wp\/v2\/comments?post=533"}],"version-history":[{"count":3,"href":"https:\/\/leomosolyaert.hu\/en\/wp-json\/wp\/v2\/pages\/533\/revisions"}],"predecessor-version":[{"id":593,"href":"https:\/\/leomosolyaert.hu\/en\/wp-json\/wp\/v2\/pages\/533\/revisions\/593"}],"wp:attachment":[{"href":"https:\/\/leomosolyaert.hu\/en\/wp-json\/wp\/v2\/media?parent=533"}],"curies":[{"name":"wp","href":"https:\/\/api.w.org\/{rel}","templated":true}]}}